{"id":52,"date":"2024-01-12T09:09:19","date_gmt":"2024-01-12T09:09:19","guid":{"rendered":"https:\/\/fysiosanni.fi\/?page_id=52"},"modified":"2024-02-06T08:32:05","modified_gmt":"2024-02-06T08:32:05","slug":"palvelut-2","status":"publish","type":"page","link":"https:\/\/fysiosanni.fi\/?page_id=52","title":{"rendered":"Palvelut"},"content":{"rendered":"\n<div style=\"height:30px\" aria-hidden=\"true\" class=\"wp-block-spacer\"><\/div>\n\n\n\n<h2 class=\"wp-block-heading\">Palvelut<\/h2>\n\n\n\n<div style=\"height:30px\" aria-hidden=\"true\" id=\"tukijaliikuntaelinfysioterapia\" class=\"wp-block-spacer\"><\/div>\n\n\n\n<h3 class=\"wp-block-heading\">Tuki- ja liikuntaelinfysioterapia<\/h3>\n\n\n\n<p style=\"margin-top:0px;margin-bottom:0px\">\u2022 Erilaisten lihas-, nivel- tai j\u00e4nnekipujen kuntoutus<\/p>\n\n\n\n<p style=\"margin-top:0;margin-bottom:0;padding-top:0;padding-bottom:0\">\u2022 Murtumien j\u00e4lkeinen&nbsp;kuntoutus<\/p>\n\n\n\n<p style=\"margin-top:0;margin-bottom:0;padding-top:0;padding-bottom:0\">\u2022 Leikkaukseen valmistava sek\u00e4 sen j\u00e4lkeinen kuntoutus (esim. tekonivelleikkaukset)<\/p>\n\n\n\n<div style=\"height:30px\" aria-hidden=\"true\" id=\"urheilufysioterapia\" class=\"wp-block-spacer\"><\/div>\n\n\n\n<h3 class=\"wp-block-heading\">Urheilufysioterapia<\/h3>\n\n\n\n<p style=\"margin-top:0px;margin-bottom:0px\">\u2022 Urheiluseuroille r\u00e4\u00e4t\u00e4l\u00f6idyt palvelut valmennuksen tueksi: Ohjatut fysikatreenit joukkueille tai seuroille yksil\u00f6llisten tarpeiden pohjalta. Suorituskykytestaukset&nbsp;ja&nbsp;urheiljakartoitukset<\/p>\n\n\n\n<p style=\"margin-top:0px;margin-right:0px;margin-bottom:0px;margin-left:0px\">\u2022 Urheilu ja liikuntavammojen ennaltaehk\u00e4isy ja kuntoutus<\/p>\n\n\n\n<div style=\"height:30px\" aria-hidden=\"true\" id=\"kotik\u00e4ynnit\" class=\"wp-block-spacer\"><\/div>\n\n\n\n<h3 class=\"wp-block-heading\">Kotik\u00e4ynnit<\/h3>\n\n\n\n<p style=\"margin-top:0px;margin-bottom:0px\">Ik\u00e4ihmisten toimintakyvyn ja kotona p\u00e4rj\u00e4\u00e4misen tukeminen (muista hy\u00f6dynt\u00e4\u00e4 kotitalousv\u00e4hennys)<\/p>\n\n\n\n<div style=\"height:30px\" aria-hidden=\"true\" id=\"neurologinen-fysioterapia\" class=\"wp-block-spacer\"><\/div>\n\n\n\n<h3 class=\"wp-block-heading\">Neurologinen fysioterapia<\/h3>\n\n\n\n<p style=\"margin-top:0px;margin-bottom:0px\">Yksil\u00f6llisen arvion ja tarpeiden mukaan toteutettavaa kuntoutusta kotik\u00e4yntein\u00e4, vastaanotolla tai erilaisissa harjoitusymp\u00e4rist\u00f6iss\u00e4<\/p>\n\n\n\n<div style=\"height:30px\" aria-hidden=\"true\" id=\"astangajooga\" class=\"wp-block-spacer\"><\/div>\n\n\n\n<h3 class=\"wp-block-heading\">Astangajooga<\/h3>\n\n\n\n<p style=\"margin-top:0px;margin-bottom:0px\">Ohjaan astangajoogatunteja sovitusti ryhmille. Astangajoogaharjoituksessa&nbsp; yhdistyv\u00e4t dynaaminen liike oman hengityksen rytmiss\u00e4 ja pys\u00e4htyminen hengitt\u00e4v\u00e4\u00e4n asanaan. S\u00e4\u00e4nn\u00f6llinen harjoittelu vakauttaa niin kehoa kuin mielt\u00e4kin ja vapauttaa el\u00e4m\u00e4n energian virtaamaan kehossa vapaasti. Omaa joogamatkaani on takana yli 10 vuotta ja koen saavani s\u00e4\u00e4nn\u00f6llisest\u00e4 harjoituksesta l\u00e4sn\u00e4oloa, avaruutta ja energisyytt\u00e4 niin kehooni kuin mieleenikin. Ohjaan astangajoogaa lempe\u00e4sti, kuuntelevasti ja herkkyydell\u00e4.<\/p>\n\n\n\n<div style=\"height:30px\" aria-hidden=\"true\" id=\"astangajooga\" class=\"wp-block-spacer\"><\/div>\n\n\n\n<div class=\"wp-block-columns is-layout-flex wp-container-core-columns-is-layout-28f84493 wp-block-columns-is-layout-flex\">\n<div class=\"wp-block-column is-layout-flow wp-block-column-is-layout-flow\" style=\"flex-basis:50%\">\n<div class=\"wp-block-buttons is-content-justification-center is-layout-flex wp-container-core-buttons-is-layout-a89b3969 wp-block-buttons-is-layout-flex\">\n<div class=\"wp-block-button has-custom-width wp-block-button__width-75 has-custom-font-size is-style-fill\" style=\"font-size:26px\"><a class=\"wp-block-button__link has-ast-global-color-5-color has-text-color has-background has-link-color has-text-align-center wp-element-button\" href=\"https:\/\/fysiosanni.fi\/?page_id=54\" style=\"border-style:none;border-width:0px;border-radius:100px;background-color:#61a888;padding-top:var(--wp--preset--spacing--50);padding-bottom:var(--wp--preset--spacing--50)\">Varaa aika<\/a><\/div>\n<\/div>\n<\/div>\n\n\n\n<div class=\"wp-block-column is-vertically-aligned-center is-layout-flow wp-block-column-is-layout-flow\" style=\"flex-basis:50%\">\n<h2 class=\"wp-block-heading has-text-align-center\" style=\"font-size:24px\">Varaa aika fysioterapiaan ottamalla yhteytt\u00e4! <\/h2>\n<\/div>\n<\/div>\n\n\n\n<div style=\"height:30px\" aria-hidden=\"true\" id=\"astangajooga\" class=\"wp-block-spacer\"><\/div>\n\n\n\n<div style=\"height:30px\" aria-hidden=\"true\" class=\"wp-block-spacer\"><\/div>\n\n\n\n<figure class=\"wp-block-gallery has-nested-images columns-default is-cropped wp-block-gallery-1 is-layout-flex wp-block-gallery-is-layout-flex\">\n<figure class=\"wp-block-image size-full\"><img loading=\"lazy\" decoding=\"async\" width=\"864\" height=\"1080\" data-id=\"198\" src=\"https:\/\/fysiosanni.fi\/wp-content\/uploads\/2024\/01\/fysioterapia_kuva.jpg\" alt=\"\" class=\"wp-image-198\" srcset=\"https:\/\/fysiosanni.fi\/wp-content\/uploads\/2024\/01\/fysioterapia_kuva.jpg 864w, https:\/\/fysiosanni.fi\/wp-content\/uploads\/2024\/01\/fysioterapia_kuva-240x300.jpg 240w, https:\/\/fysiosanni.fi\/wp-content\/uploads\/2024\/01\/fysioterapia_kuva-819x1024.jpg 819w, https:\/\/fysiosanni.fi\/wp-content\/uploads\/2024\/01\/fysioterapia_kuva-768x960.jpg 768w\" sizes=\"auto, (max-width: 864px) 100vw, 864px\" \/><\/figure>\n\n\n\n<figure class=\"wp-block-image size-full\"><img loading=\"lazy\" decoding=\"async\" width=\"864\" height=\"1080\" data-id=\"199\" src=\"https:\/\/fysiosanni.fi\/wp-content\/uploads\/2024\/01\/valineet_kuva.jpg\" alt=\"\" class=\"wp-image-199\" srcset=\"https:\/\/fysiosanni.fi\/wp-content\/uploads\/2024\/01\/valineet_kuva.jpg 864w, https:\/\/fysiosanni.fi\/wp-content\/uploads\/2024\/01\/valineet_kuva-240x300.jpg 240w, https:\/\/fysiosanni.fi\/wp-content\/uploads\/2024\/01\/valineet_kuva-819x1024.jpg 819w, https:\/\/fysiosanni.fi\/wp-content\/uploads\/2024\/01\/valineet_kuva-768x960.jpg 768w\" sizes=\"auto, (max-width: 864px) 100vw, 864px\" \/><\/figure>\n\n\n\n<figure class=\"wp-block-image size-full\"><img loading=\"lazy\" decoding=\"async\" width=\"532\" height=\"665\" data-id=\"254\" src=\"https:\/\/fysiosanni.fi\/wp-content\/uploads\/2024\/01\/urheilufysio_kuva2.jpg\" alt=\"\" class=\"wp-image-254\" srcset=\"https:\/\/fysiosanni.fi\/wp-content\/uploads\/2024\/01\/urheilufysio_kuva2.jpg 532w, https:\/\/fysiosanni.fi\/wp-content\/uploads\/2024\/01\/urheilufysio_kuva2-240x300.jpg 240w\" sizes=\"auto, (max-width: 532px) 100vw, 532px\" \/><\/figure>\n<\/figure>\n\n\n\n<div style=\"height:30px\" aria-hidden=\"true\" id=\"astangajooga\" class=\"wp-block-spacer\"><\/div>\n","protected":false},"excerpt":{"rendered":"<p>Palvelut Tuki- ja liikuntaelinfysioterapia \u2022 Erilaisten lihas-, nivel- tai j\u00e4nnekipujen kuntoutus \u2022 Murtumien j\u00e4lkeinen&nbsp;kuntoutus \u2022 Leikkaukseen valmistava sek\u00e4 sen j\u00e4lkeinen [&hellip;]<\/p>\n","protected":false},"author":1,"featured_media":0,"parent":0,"menu_order":0,"comment_status":"closed","ping_status":"closed","template":"","meta":{"_monsterinsights_skip_tracking":false,"_monsterinsights_sitenote_active":false,"_monsterinsights_sitenote_note":"","_monsterinsights_sitenote_category":0,"site-sidebar-layout":"default","site-content-layout":"","ast-site-content-layout":"default","site-content-style":"default","site-sidebar-style":"default","ast-global-header-display":"","ast-banner-title-visibility":"","ast-main-header-display":"","ast-hfb-above-header-display":"","ast-hfb-below-header-display":"","ast-hfb-mobile-header-display":"","site-post-title":"","ast-breadcrumbs-content":"","ast-featured-img":"","footer-sml-layout":"","ast-disable-related-posts":"","theme-transparent-header-meta":"","adv-header-id-meta":"","stick-header-meta":"","header-above-stick-meta":"","header-main-stick-meta":"","header-below-stick-meta":"","astra-migrate-meta-layouts":"default","ast-page-background-enabled":"default","ast-page-background-meta":{"desktop":{"background-color":"var(--ast-global-color-4)","background-image":"","background-repeat":"repeat","background-position":"center center","background-size":"auto","background-attachment":"scroll","background-type":"","background-media":"","overlay-type":"","overlay-color":"","overlay-opacity":"","overlay-gradient":""},"tablet":{"background-color":"","background-image":"","background-repeat":"repeat","background-position":"center center","background-size":"auto","background-attachment":"scroll","background-type":"","background-media":"","overlay-type":"","overlay-color":"","overlay-opacity":"","overlay-gradient":""},"mobile":{"background-color":"","background-image":"","background-repeat":"repeat","background-position":"center center","background-size":"auto","background-attachment":"scroll","background-type":"","background-media":"","overlay-type":"","overlay-color":"","overlay-opacity":"","overlay-gradient":""}},"ast-content-background-meta":{"desktop":{"background-color":"var(--ast-global-color-5)","background-image":"","background-repeat":"repeat","background-position":"center center","background-size":"auto","background-attachment":"scroll","background-type":"","background-media":"","overlay-type":"","overlay-color":"","overlay-opacity":"","overlay-gradient":""},"tablet":{"background-color":"var(--ast-global-color-5)","background-image":"","background-repeat":"repeat","background-position":"center center","background-size":"auto","background-attachment":"scroll","background-type":"","background-media":"","overlay-type":"","overlay-color":"","overlay-opacity":"","overlay-gradient":""},"mobile":{"background-color":"var(--ast-global-color-5)","background-image":"","background-repeat":"repeat","background-position":"center center","background-size":"auto","background-attachment":"scroll","background-type":"","background-media":"","overlay-type":"","overlay-color":"","overlay-opacity":"","overlay-gradient":""}},"footnotes":""},"class_list":["post-52","page","type-page","status-publish","hentry"],"_links":{"self":[{"href":"https:\/\/fysiosanni.fi\/index.php?rest_route=\/wp\/v2\/pages\/52","targetHints":{"allow":["GET"]}}],"collection":[{"href":"https:\/\/fysiosanni.fi\/index.php?rest_route=\/wp\/v2\/pages"}],"about":[{"href":"https:\/\/fysiosanni.fi\/index.php?rest_route=\/wp\/v2\/types\/page"}],"author":[{"embeddable":true,"href":"https:\/\/fysiosanni.fi\/index.php?rest_route=\/wp\/v2\/users\/1"}],"replies":[{"embeddable":true,"href":"https:\/\/fysiosanni.fi\/index.php?rest_route=%2Fwp%2Fv2%2Fcomments&post=52"}],"version-history":[{"count":17,"href":"https:\/\/fysiosanni.fi\/index.php?rest_route=\/wp\/v2\/pages\/52\/revisions"}],"predecessor-version":[{"id":274,"href":"https:\/\/fysiosanni.fi\/index.php?rest_route=\/wp\/v2\/pages\/52\/revisions\/274"}],"wp:attachment":[{"href":"https:\/\/fysiosanni.fi\/index.php?rest_route=%2Fwp%2Fv2%2Fmedia&parent=52"}],"curies":[{"name":"wp","href":"https:\/\/api.w.org\/{rel}","templated":true}]}}