{"id":53,"date":"2024-01-12T09:09:19","date_gmt":"2024-01-12T09:09:19","guid":{"rendered":"https:\/\/fysiosanni.fi\/?page_id=53"},"modified":"2024-12-31T08:47:25","modified_gmt":"2024-12-31T08:47:25","slug":"hinnasto-2","status":"publish","type":"page","link":"https:\/\/fysiosanni.fi\/?page_id=53","title":{"rendered":"Hinnasto"},"content":{"rendered":"\n<div style=\"height:30px\" aria-hidden=\"true\" class=\"wp-block-spacer\"><\/div>\n\n\n\n<p style=\"font-size:26px\"><strong>Hinnasto:<\/strong><\/p>\n\n\n\n<p style=\"font-size:26px\">Fysioterapia max. 60 min. alkaen 68\u20ac<\/p>\n\n\n\n<p style=\"font-size:26px\">Fysioterapian ensik\u00e4ynti max. 75 min. alkaen 85\u20ac<\/p>\n\n\n\n<p style=\"font-size:26px\">Fysioterapia max. 90 min. alkaen 98\u20ac<\/p>\n\n\n\n<p style=\"font-size:26px\">Kotik\u00e4ynti max. 60 min. 105\u20ac<\/p>\n\n\n\n<p style=\"font-size:26px\">Liikuntaseurat ja yritykset: <a href=\"https:\/\/fysiosanni.fi\/?page_id=54\" data-type=\"page\" data-id=\"54\">kysy tarjous<\/a> s\u00e4\u00e4nn\u00f6llisille ohjauksille\/valmennuksille!<\/p>\n\n\n\n<p>Hinnasto voimassa toistaiseksi. Pid\u00e4t\u00e4mme oikeuden muutoksiin.<\/p>\n\n\n\n<div style=\"height:30px\" aria-hidden=\"true\" class=\"wp-block-spacer\"><\/div>\n","protected":false},"excerpt":{"rendered":"<p>Hinnasto: Fysioterapia max. 60 min. alkaen 68\u20ac Fysioterapian ensik\u00e4ynti max. 75 min. alkaen 85\u20ac Fysioterapia max. 90 min. alkaen 98\u20ac [&hellip;]<\/p>\n","protected":false},"author":1,"featured_media":0,"parent":0,"menu_order":0,"comment_status":"closed","ping_status":"closed","template":"","meta":{"_monsterinsights_skip_tracking":false,"_monsterinsights_sitenote_active":false,"_monsterinsights_sitenote_note":"","_monsterinsights_sitenote_category":0,"site-sidebar-layout":"default","site-content-layout":"","ast-site-content-layout":"","site-content-style":"default","site-sidebar-style":"default","ast-global-header-display":"","ast-banner-title-visibility":"","ast-main-header-display":"","ast-hfb-above-header-display":"","ast-hfb-below-header-display":"","ast-hfb-mobile-header-display":"","site-post-title":"","ast-breadcrumbs-content":"","ast-featured-img":"","footer-sml-layout":"","ast-disable-related-posts":"","theme-transparent-header-meta":"","adv-header-id-meta":"","stick-header-meta":"","header-above-stick-meta":"","header-main-stick-meta":"","header-below-stick-meta":"","astra-migrate-meta-layouts":"default","ast-page-background-enabled":"default","ast-page-background-meta":{"desktop":{"background-color":"var(--ast-global-color-4)","background-image":"","background-repeat":"repeat","background-position":"center center","background-size":"auto","background-attachment":"scroll","background-type":"","background-media":"","overlay-type":"","overlay-color":"","overlay-opacity":"","overlay-gradient":""},"tablet":{"background-color":"","background-image":"","background-repeat":"repeat","background-position":"center center","background-size":"auto","background-attachment":"scroll","background-type":"","background-media":"","overlay-type":"","overlay-color":"","overlay-opacity":"","overlay-gradient":""},"mobile":{"background-color":"","background-image":"","background-repeat":"repeat","background-position":"center center","background-size":"auto","background-attachment":"scroll","background-type":"","background-media":"","overlay-type":"","overlay-color":"","overlay-opacity":"","overlay-gradient":""}},"ast-content-background-meta":{"desktop":{"background-color":"var(--ast-global-color-5)","background-image":"","background-repeat":"repeat","background-position":"center center","background-size":"auto","background-attachment":"scroll","background-type":"","background-media":"","overlay-type":"","overlay-color":"","overlay-opacity":"","overlay-gradient":""},"tablet":{"background-color":"var(--ast-global-color-5)","background-image":"","background-repeat":"repeat","background-position":"center center","background-size":"auto","background-attachment":"scroll","background-type":"","background-media":"","overlay-type":"","overlay-color":"","overlay-opacity":"","overlay-gradient":""},"mobile":{"background-color":"var(--ast-global-color-5)","background-image":"","background-repeat":"repeat","background-position":"center center","background-size":"auto","background-attachment":"scroll","background-type":"","background-media":"","overlay-type":"","overlay-color":"","overlay-opacity":"","overlay-gradient":""}},"footnotes":""},"class_list":["post-53","page","type-page","status-publish","hentry"],"_links":{"self":[{"href":"https:\/\/fysiosanni.fi\/index.php?rest_route=\/wp\/v2\/pages\/53","targetHints":{"allow":["GET"]}}],"collection":[{"href":"https:\/\/fysiosanni.fi\/index.php?rest_route=\/wp\/v2\/pages"}],"about":[{"href":"https:\/\/fysiosanni.fi\/index.php?rest_route=\/wp\/v2\/types\/page"}],"author":[{"embeddable":true,"href":"https:\/\/fysiosanni.fi\/index.php?rest_route=\/wp\/v2\/users\/1"}],"replies":[{"embeddable":true,"href":"https:\/\/fysiosanni.fi\/index.php?rest_route=%2Fwp%2Fv2%2Fcomments&post=53"}],"version-history":[{"count":15,"href":"https:\/\/fysiosanni.fi\/index.php?rest_route=\/wp\/v2\/pages\/53\/revisions"}],"predecessor-version":[{"id":303,"href":"https:\/\/fysiosanni.fi\/index.php?rest_route=\/wp\/v2\/pages\/53\/revisions\/303"}],"wp:attachment":[{"href":"https:\/\/fysiosanni.fi\/index.php?rest_route=%2Fwp%2Fv2%2Fmedia&parent=53"}],"curies":[{"name":"wp","href":"https:\/\/api.w.org\/{rel}","templated":true}]}}